{"id":177,"date":"2024-02-17T11:05:39","date_gmt":"2024-02-17T10:05:39","guid":{"rendered":"https:\/\/wortrakete.de\/blog\/?page_id=177"},"modified":"2024-02-17T11:15:31","modified_gmt":"2024-02-17T10:15:31","slug":"texte-schreiben-lassen","status":"publish","type":"page","link":"https:\/\/wortrakete.de\/blog\/texte-schreiben-lassen\/","title":{"rendered":"Agentur, Textb\u00f6rse oder Freelancer: Wo sollte ich meine Texte schreiben lassen?"},"content":{"rendered":"\n<p>Wer ist der richtige Partner f\u00fcr die Texterstellung? Wir erkl\u00e4ren dir die verschiedenen Ans\u00e4tze und verraten dir auch, wieso die Wortrakete das Beste aus allen drei Welten miteinander kombiniert.<\/p>\n\n\n\n<h2 class=\"wp-block-heading\">Die Texterstellung bringt viele Unternehmen an ihre Grenzen<\/h2>\n\n\n\n<p>In jedem Business gibt es den \u201cFlaschenhals\u201d-Moment. Gemeint ist ein Punkt, an dem das Gesch\u00e4ft nicht weiter vorangetrieben werden kann, weil es an einer bestimmten Stelle klemmt. In der Fertigung von Fahrzeugen k\u00f6nnen dies z.B. komplizierte Bauteile sein, die zeitaufw\u00e4ndig zusammengesetzt werden m\u00fcssen.<\/p>\n\n\n\n<p>Um es mal an einem konkreten Beispiel festzumachen: Ein Autohersteller kann Reifen in Rekordzeit produzieren und es werden trotzdem nur so viele Autos fertiggestellt, wie Motoren gebaut werden k\u00f6nnen\u2026&nbsp;Auch im digitalen Bereich gibt es vergleichbare Situationen!<\/p>\n\n\n\n<h3 class=\"wp-block-heading\">Texte &#8222;mal nebenbei&#8220; schreiben? Das wird nix!<\/h3>\n\n\n\n<p>Vielleicht hast du auch schon einmal selbst festgestellt, dass so ein Text nicht \u201cmal eben nebenbei\u201d geschrieben ist. Ein durchdachter Blogartikel ben\u00f6tigt seine Zeit \u2013 vielleicht muss sogar ein gesamter Arbeitstag darauf verwendet werden. Es ist Zeit, die f\u00fcr das Tagesgesch\u00e4ft fehlt. Daher wird die Erstellung redaktioneller Inhalte gerne immer weiter aufgeschoben.<\/p>\n\n\n\n<p>Dabei ist es heutzutage ganz einfach, die Texterstellung auszulagern. Wir zeigen dir im Folgenden, wie du das Schreiben von Texten problemlos outsourcen kannst.<\/p>\n\n\n\n<h2 class=\"wp-block-heading\">\u00dcbersicht der m\u00f6glichen L\u00f6sungen<\/h2>\n\n\n\n<p>Grunds\u00e4tzlich hast du drei M\u00f6glichkeiten, um den Texteinkauf anzugehen:<\/p>\n\n\n\n<ul class=\"wp-block-list\">\n<li>Content Agentur beauftragen<\/li>\n\n\n\n<li>Texterplattform nutzen<\/li>\n\n\n\n<li>freie Texter schreiben lassen<\/li>\n<\/ul>\n\n\n\n<p>Alle L\u00f6sungen bieten Vor- und Nachteile, die wir im Folgenden n\u00e4her beleuchten werden.<\/p>\n\n\n\n<h3 class=\"wp-block-heading\">Texte bei einer Agentur beauftragen<\/h3>\n\n\n\n<p>Eine Agentur bietet den Vorteil, dass (vermutlich) jede Menge Ressourcen zur Verf\u00fcgung stehen, um gr\u00f6\u00dfere Auftr\u00e4ge schnell abwickeln zu k\u00f6nnen. Auch weitere Aufgaben rund um die Texterstellung (z.B. Themenfindung, Keywordrecherche, Content Aufbereitung etc.) k\u00f6nnen in der Regel mit \u00fcbernommen werden.<\/p>\n\n\n\n<h3 class=\"wp-block-heading\">Texte \u00fcber eine Texterplattform beziehen<\/h3>\n\n\n\n<p>Anbieter wie Content.de und Textbroker sind eine m\u00f6gliche Option, um Content schnell und g\u00fcnstig einzukaufen. Als Kunde hast du Zugriff auf einen riesigen Pool an Textern und kannst diese \u00fcber die Plattform selbst beauftragen. Je nach Qualit\u00e4tslevel der Texter zahlst du oft nur etwa 20-30\u20ac f\u00fcr einen 1000-W\u00f6rter-Text.<\/p>\n\n\n\n<p>Du musst aber nat\u00fcrlich noch mit einberechnen, dass die Briefings auf der Plattform eingestellt werden m\u00fcssen. M\u00f6chtest du dir bestimmte Services abnehmen lassen (z.B. Suche geeigneter Texter, Beauftragung der Texter, Abnahme der Texte etc.) kannst du einen sogenannten \u201cManaged Service\u201d in Anspruch nehmen. Die Kosten steigen dann zwar, allerdings musst du dich auch nur noch um wenig k\u00fcmmern.<\/p>\n\n\n\n<h3 class=\"wp-block-heading\">Freie Texter schreiben lassen<\/h3>\n\n\n\n<p>Texter mit freien Kapazit\u00e4ten gibt es an jeder virtuellen Stra\u00dfenecke im Internet. Du wirst kein Problem haben, einen Texter zu finden. Aber du wirst Probleme haben, einen guten Texter zu finden. Manche Texter sind sehr g\u00fcnstig, schreiben sehr schnell, aber bauen diverse Fehler in die Texte ein. Andere liefern qualitativ hochwertigen Content ab, verlangen aber dementsprechend auch deutlich mehr und k\u00f6nnen nicht so viele Auftr\u00e4ge in einem begrenzten Zeitraum abarbeiten.<\/p>\n\n\n\n<h2 class=\"wp-block-heading\">Die Wortrakete vereint die Vorteile miteinander<\/h2>\n\n\n\n<p>Mit unserem Service m\u00f6chten wir daf\u00fcr sorgen, dass du von allen genannten Vorteilen profitieren kannst. Wir vereinen das, was eine Agentur, eine Texterplattform und freie Texter auszeichnet.<\/p>\n\n\n\n<h3 class=\"wp-block-heading\">Know-How und Skalierbarkeit wie eine Agentur<\/h3>\n\n\n\n<p>Wir wissen, worauf es bei SEO, Content Marketing &amp; Co ankommt. Daher k\u00f6nnen wir nicht nur Texte erstellen, sondern auch strategisch mit unseren Kunden zusammenarbeiten, sofern das gew\u00fcnscht ist.<\/p>\n\n\n\n<p>Zudem ist unser Service durch unsere smarte Struktur mit geringstm\u00f6glicher Vorlaufszeit skalierbar. W\u00e4hrend andere Agenturen sich noch intern abstimmen und Aufgaben zuweisen, sind unsere Projekte bereits erledigt.<\/p>\n\n\n\n<h3 class=\"wp-block-heading\">Flexibel und schnell wie eine Texterplattform<\/h3>\n\n\n\n<p>Nicht nur bei der Menge an Texten, sondern auch in Bezug auf die Themen sind wir total flexibel. Unsere Projektmanager haben jederzeit den \u00dcberblick dar\u00fcber, welcher Texter gerade freie Kapazit\u00e4ten hat und k\u00f6nnen daher f\u00fcr eine optimale Auslastung sorgen. Es ist unser Ziel, dass sich die beauftragten Texter f\u00fcr das Themengebiet begeistern k\u00f6nnen. Dies alles beschleunigt die Texterstellung erheblich.<\/p>\n\n\n\n<p><strong>\u00dcbrigens:<\/strong>&nbsp;Wir zahlen unseren Textern zudem faire Verg\u00fctungen und bieten ihnen gleichzeitig den Komfort, den sie auch bei Texterplattformen genie\u00dfen: Regelm\u00e4\u00dfig neue Auftr\u00e4ge ohne Eigenakquise, und eine schnelle Bezahlung.<\/p>\n\n\n\n<h3 class=\"wp-block-heading\">Pers\u00f6nlich wie ein freier Texter<\/h3>\n\n\n\n<p>Wenn es dir der pers\u00f6nliche Austausch wichtig ist, kannst du uns guten Gewissens beauftragen. Unsere Projektmanager rattern nicht einen Auftrag nach dem n\u00e4chsten herunter, sondern nehmen sich Zeit daf\u00fcr, um dein Projekt (und deine Firma) kennen zu lernen.<\/p>\n\n\n\n<p>F\u00fcr dich soll es sich so anf\u00fchlen, als w\u00e4re dein Projektmanager selbst schon Teil des Teams. Zahlreiche unserer Kunden haben bereits best\u00e4tigt, dass genau dieses Gef\u00fchl bei einer Zusammenarbeit mit Wortrakete entsteht.<\/p>\n\n\n\n\t\t\t<div class=\"wp-block-uagb-post-grid uagb-post-grid  uagb-post__image-position-top uagb-post__image-enabled uagb-block-4d936fa1     uagb-post__items uagb-post__columns-2 is-grid uagb-post__columns-tablet-2 uagb-post__columns-mobile-1 uagb-post__equal-height uagb-equal_height_inline-read-more-buttons\" data-total=\"2\" style=\"\">\n\n\t\t\t\t\t\t\t\t\t\t\t\t<article class=\"uagb-post__inner-wrap\">\t\t\t\t\t\t\t\t<div class='uagb-post__image'>\n\t\t\t\t\t\t\t\t\t<a href=\"https:\/\/wortrakete.de\/blog\/serp-overlap-score\/\" target=\"_self\" rel=\"bookmark noopener noreferrer\" class='uagb-image-ratio-2-3'><img loading=\"lazy\" decoding=\"async\" width=\"800\" height=\"457\" src=\"https:\/\/wortrakete.de\/blog\/wp-content\/uploads\/2024\/03\/serp-overlap-score.jpg\" class=\"attachment-large size-large\" alt=\"\" srcset=\"https:\/\/wortrakete.de\/blog\/wp-content\/uploads\/2024\/03\/serp-overlap-score.jpg 1000w, https:\/\/wortrakete.de\/blog\/wp-content\/uploads\/2024\/03\/serp-overlap-score-300x171.jpg 300w, https:\/\/wortrakete.de\/blog\/wp-content\/uploads\/2024\/03\/serp-overlap-score-768x439.jpg 768w\" sizes=\"auto, (max-width: 800px) 100vw, 800px\" \/>\t\t\t\t\t<\/a>\n\t\t\t\t\t\t\t<\/div>\n\t\t\t\t\t\t<h4 class=\"uagb-post__title uagb-post__text\">\n\t\t\t\t<a href=\"https:\/\/wortrakete.de\/blog\/serp-overlap-score\/\" target=\"_self\" rel=\"bookmark noopener noreferrer\">SERP Overlap Score: Wie viele Unterseiten brauche ich f\u00fcr meine SEO-Ziele?<\/a>\n\t\t\t<\/h4>\n\t\t\t\t\t\t<div class='uagb-post__text uagb-post-grid-byline'>\n\t\t\t\t\t\t\t<\/div>\n\t\t\t\t\t\t\t<div class='uagb-post__text uagb-post__excerpt'>\n\t\t\t\t\tDer SERP Overlap Score ist eine SEO-Kennzahl, die zwischen 0 und 100 % liegen kann. Sie gibt an, wie stark&#8230;\t\t\t\t<\/div>\n\t\t\t\t\t\t<div class=\"uagb-post__text uagb-post__cta wp-block-button\">\n\t\t\t\t<a class=\"wp-block-button__link uagb-text-link\" style=\"\" href=\"https:\/\/wortrakete.de\/blog\/serp-overlap-score\/\" target=\"_self\" rel=\"bookmark noopener noreferrer\">zum Artikel<\/a>\n\t\t\t<\/div>\n\t\t\t\n\t\t\t\t\t\t\t\t\t<\/article>\n\t\t\t\t\t\t\t\t\t\t\t\t\t\t\t\t<article class=\"uagb-post__inner-wrap\">\t\t\t\t\t\t\t\t<div class='uagb-post__image'>\n\t\t\t\t\t\t\t\t\t<a href=\"https:\/\/wortrakete.de\/blog\/content-marketing-roi\/\" target=\"_self\" rel=\"bookmark noopener noreferrer\" class='uagb-image-ratio-2-3'><img loading=\"lazy\" decoding=\"async\" width=\"800\" height=\"547\" src=\"https:\/\/wortrakete.de\/blog\/wp-content\/uploads\/2023\/10\/content-marketing-roi.jpg\" class=\"attachment-large size-large\" alt=\"\" srcset=\"https:\/\/wortrakete.de\/blog\/wp-content\/uploads\/2023\/10\/content-marketing-roi.jpg 1024w, https:\/\/wortrakete.de\/blog\/wp-content\/uploads\/2023\/10\/content-marketing-roi-300x205.jpg 300w, https:\/\/wortrakete.de\/blog\/wp-content\/uploads\/2023\/10\/content-marketing-roi-768x525.jpg 768w\" sizes=\"auto, (max-width: 800px) 100vw, 800px\" \/>\t\t\t\t\t<\/a>\n\t\t\t\t\t\t\t<\/div>\n\t\t\t\t\t\t<h4 class=\"uagb-post__title uagb-post__text\">\n\t\t\t\t<a href=\"https:\/\/wortrakete.de\/blog\/content-marketing-roi\/\" target=\"_self\" rel=\"bookmark noopener noreferrer\">Content Marketing ROI: Lohnt sich das Investment in Texte?<\/a>\n\t\t\t<\/h4>\n\t\t\t\t\t\t<div class='uagb-post__text uagb-post-grid-byline'>\n\t\t\t\t\t\t\t<\/div>\n\t\t\t\t\t\t\t<div class='uagb-post__text uagb-post__excerpt'>\n\t\t\t\t\tDie M\u00f6glichkeiten des Content Marketing, besonders in Verbindung mit SEO, haben eine bis heute anhaltende Goldgr\u00e4berstimmung in Gang gesetzt. Am&#8230;\t\t\t\t<\/div>\n\t\t\t\t\t\t<div class=\"uagb-post__text uagb-post__cta wp-block-button\">\n\t\t\t\t<a class=\"wp-block-button__link uagb-text-link\" style=\"\" href=\"https:\/\/wortrakete.de\/blog\/content-marketing-roi\/\" target=\"_self\" rel=\"bookmark noopener noreferrer\">zum Artikel<\/a>\n\t\t\t<\/div>\n\t\t\t\n\t\t\t\t\t\t\t\t\t<\/article>\n\t\t\t\t\t\t\t\t\t\t\t\t\t\t\t\t<article class=\"uagb-post__inner-wrap\">\t\t\t\t\t\t\t\t<div class='uagb-post__image'>\n\t\t\t\t\t\t\t\t\t<a href=\"https:\/\/wortrakete.de\/blog\/kuenstlersozialabgabe\/\" target=\"_self\" rel=\"bookmark noopener noreferrer\" class='uagb-image-ratio-2-3'><img loading=\"lazy\" decoding=\"async\" width=\"800\" height=\"547\" src=\"https:\/\/wortrakete.de\/blog\/wp-content\/uploads\/2023\/10\/wer-zahlt-kuenstlersozialabgabe.jpg\" class=\"attachment-large size-large\" alt=\"\" srcset=\"https:\/\/wortrakete.de\/blog\/wp-content\/uploads\/2023\/10\/wer-zahlt-kuenstlersozialabgabe.jpg 1024w, https:\/\/wortrakete.de\/blog\/wp-content\/uploads\/2023\/10\/wer-zahlt-kuenstlersozialabgabe-300x205.jpg 300w, https:\/\/wortrakete.de\/blog\/wp-content\/uploads\/2023\/10\/wer-zahlt-kuenstlersozialabgabe-768x525.jpg 768w\" sizes=\"auto, (max-width: 800px) 100vw, 800px\" \/>\t\t\t\t\t<\/a>\n\t\t\t\t\t\t\t<\/div>\n\t\t\t\t\t\t<h4 class=\"uagb-post__title uagb-post__text\">\n\t\t\t\t<a href=\"https:\/\/wortrakete.de\/blog\/kuenstlersozialabgabe\/\" target=\"_self\" rel=\"bookmark noopener noreferrer\">K\u00fcnstlersozialabgabe nicht vergessen: Wer muss Beitr\u00e4ge in welcher H\u00f6he an die K\u00fcnstlersozialkasse zahlen?<\/a>\n\t\t\t<\/h4>\n\t\t\t\t\t\t<div class='uagb-post__text uagb-post-grid-byline'>\n\t\t\t\t\t\t\t<\/div>\n\t\t\t\t\t\t\t<div class='uagb-post__text uagb-post__excerpt'>\n\t\t\t\t\tViele Unternehmen und Selbstst\u00e4ndige, die k\u00fcnstlerische Leistungen in Auftrag geben, wissen gar nichts von der drohenden K\u00fcnstlersozialabgabe. Manch einer w\u00fcrde&#8230;\t\t\t\t<\/div>\n\t\t\t\t\t\t<div class=\"uagb-post__text uagb-post__cta wp-block-button\">\n\t\t\t\t<a class=\"wp-block-button__link uagb-text-link\" style=\"\" href=\"https:\/\/wortrakete.de\/blog\/kuenstlersozialabgabe\/\" target=\"_self\" rel=\"bookmark noopener noreferrer\">zum Artikel<\/a>\n\t\t\t<\/div>\n\t\t\t\n\t\t\t\t\t\t\t\t\t<\/article>\n\t\t\t\t\t\t\t\t\t\t\t\t\t\t\t\t<article class=\"uagb-post__inner-wrap\">\t\t\t\t\t\t\t\t<div class='uagb-post__image'>\n\t\t\t\t\t\t\t\t\t<a href=\"https:\/\/wortrakete.de\/blog\/automatische-texterstellung\/\" target=\"_self\" rel=\"bookmark noopener noreferrer\" class='uagb-image-ratio-2-3'><img loading=\"lazy\" decoding=\"async\" width=\"800\" height=\"534\" src=\"https:\/\/wortrakete.de\/blog\/wp-content\/uploads\/2023\/10\/automatische-texterstellung-1024x683.jpg\" class=\"attachment-large size-large\" alt=\"\" srcset=\"https:\/\/wortrakete.de\/blog\/wp-content\/uploads\/2023\/10\/automatische-texterstellung-1024x683.jpg 1024w, https:\/\/wortrakete.de\/blog\/wp-content\/uploads\/2023\/10\/automatische-texterstellung-300x200.jpg 300w, https:\/\/wortrakete.de\/blog\/wp-content\/uploads\/2023\/10\/automatische-texterstellung-768x512.jpg 768w, https:\/\/wortrakete.de\/blog\/wp-content\/uploads\/2023\/10\/automatische-texterstellung-1536x1024.jpg 1536w, https:\/\/wortrakete.de\/blog\/wp-content\/uploads\/2023\/10\/automatische-texterstellung.jpg 1920w\" sizes=\"auto, (max-width: 800px) 100vw, 800px\" \/>\t\t\t\t\t<\/a>\n\t\t\t\t\t\t\t<\/div>\n\t\t\t\t\t\t<h4 class=\"uagb-post__title uagb-post__text\">\n\t\t\t\t<a href=\"https:\/\/wortrakete.de\/blog\/automatische-texterstellung\/\" target=\"_self\" rel=\"bookmark noopener noreferrer\">Automatische Texterstellung: Der Hype um ChatGPT &amp; die Gefahren f\u00fcr die Wertsch\u00e4tzung von Texter:innen<\/a>\n\t\t\t<\/h4>\n\t\t\t\t\t\t<div class='uagb-post__text uagb-post-grid-byline'>\n\t\t\t\t\t\t\t<\/div>\n\t\t\t\t\t\t\t<div class='uagb-post__text uagb-post__excerpt'>\n\t\t\t\t\tDie automatische Texterstellung macht beeindruckende Fortschritte. Der Launch von ChatGPT im Dezember 2022 hat die Szene m\u00e4chtig durchgesch\u00fcttelt. Der Chatbot&#8230;\t\t\t\t<\/div>\n\t\t\t\t\t\t<div class=\"uagb-post__text uagb-post__cta wp-block-button\">\n\t\t\t\t<a class=\"wp-block-button__link uagb-text-link\" style=\"\" href=\"https:\/\/wortrakete.de\/blog\/automatische-texterstellung\/\" target=\"_self\" rel=\"bookmark noopener noreferrer\">zum Artikel<\/a>\n\t\t\t<\/div>\n\t\t\t\n\t\t\t\t\t\t\t\t\t<\/article>\n\t\t\t\t\t\t\t\t\t\t\t<\/div>\n\t\t\t","protected":false},"excerpt":{"rendered":"<p>Wer ist der richtige Partner f\u00fcr die Texterstellung? Wir erkl\u00e4ren dir die verschiedenen Ans\u00e4tze und verraten dir auch, wieso die Wortrakete das Beste aus allen [&#8230;]<\/p>\n","protected":false},"author":1,"featured_media":0,"parent":0,"menu_order":0,"comment_status":"closed","ping_status":"closed","template":"","meta":{"_uag_custom_page_level_css":"","footnotes":""},"class_list":["post-177","page","type-page","status-publish","hentry"],"yoast_head":"<!-- This site is optimized with the Yoast SEO plugin v26.1.1 - https:\/\/yoast.com\/wordpress\/plugins\/seo\/ -->\n<title>Agentur, KI oder Textb\u00f6rse: Wo sollte ich Texte schreiben lassen?<\/title>\n<meta name=\"description\" content=\"Wer Texte schreiben lassen m\u00f6chte, kann auf Agenturen, Freelancer, Marktpl\u00e4tze oder KI-Tools setzen. Doch was ist am sinnvollsten?\" \/>\n<meta name=\"robots\" content=\"index, follow, max-snippet:-1, max-image-preview:large, max-video-preview:-1\" \/>\n<link rel=\"canonical\" href=\"https:\/\/wortrakete.de\/blog\/texte-schreiben-lassen\/\" \/>\n<meta property=\"og:locale\" content=\"de_DE\" \/>\n<meta property=\"og:type\" content=\"article\" \/>\n<meta property=\"og:title\" content=\"Agentur, KI oder Textb\u00f6rse: Wo sollte ich Texte schreiben lassen?\" \/>\n<meta property=\"og:description\" content=\"Wer Texte schreiben lassen m\u00f6chte, kann auf Agenturen, Freelancer, Marktpl\u00e4tze oder KI-Tools setzen. Doch was ist am sinnvollsten?\" \/>\n<meta property=\"og:url\" content=\"https:\/\/wortrakete.de\/blog\/texte-schreiben-lassen\/\" \/>\n<meta property=\"og:site_name\" content=\"Wortrakete\" \/>\n<meta property=\"article:modified_time\" content=\"2024-02-17T10:15:31+00:00\" \/>\n<meta name=\"twitter:card\" content=\"summary_large_image\" \/>\n<meta name=\"twitter:label1\" content=\"Gesch\u00e4tzte Lesezeit\" \/>\n\t<meta name=\"twitter:data1\" content=\"5\u00a0Minuten\" \/>\n<script type=\"application\/ld+json\" class=\"yoast-schema-graph\">{\"@context\":\"https:\/\/schema.org\",\"@graph\":[{\"@type\":\"WebPage\",\"@id\":\"https:\/\/wortrakete.de\/blog\/texte-schreiben-lassen\/\",\"url\":\"https:\/\/wortrakete.de\/blog\/texte-schreiben-lassen\/\",\"name\":\"Agentur, KI oder Textb\u00f6rse: Wo sollte ich Texte schreiben lassen?\",\"isPartOf\":{\"@id\":\"https:\/\/wortrakete.de\/blog\/#website\"},\"datePublished\":\"2024-02-17T10:05:39+00:00\",\"dateModified\":\"2024-02-17T10:15:31+00:00\",\"description\":\"Wer Texte schreiben lassen m\u00f6chte, kann auf Agenturen, Freelancer, Marktpl\u00e4tze oder KI-Tools setzen. Doch was ist am sinnvollsten?\",\"breadcrumb\":{\"@id\":\"https:\/\/wortrakete.de\/blog\/texte-schreiben-lassen\/#breadcrumb\"},\"inLanguage\":\"de\",\"potentialAction\":[{\"@type\":\"ReadAction\",\"target\":[\"https:\/\/wortrakete.de\/blog\/texte-schreiben-lassen\/\"]}]},{\"@type\":\"BreadcrumbList\",\"@id\":\"https:\/\/wortrakete.de\/blog\/texte-schreiben-lassen\/#breadcrumb\",\"itemListElement\":[{\"@type\":\"ListItem\",\"position\":1,\"name\":\"Startseite\",\"item\":\"https:\/\/wortrakete.de\/blog\/\"},{\"@type\":\"ListItem\",\"position\":2,\"name\":\"Agentur, Textb\u00f6rse oder Freelancer: Wo sollte ich meine Texte schreiben lassen?\"}]},{\"@type\":\"WebSite\",\"@id\":\"https:\/\/wortrakete.de\/blog\/#website\",\"url\":\"https:\/\/wortrakete.de\/blog\/\",\"name\":\"Wortrakete\",\"description\":\"\",\"publisher\":{\"@id\":\"https:\/\/wortrakete.de\/blog\/#organization\"},\"potentialAction\":[{\"@type\":\"SearchAction\",\"target\":{\"@type\":\"EntryPoint\",\"urlTemplate\":\"https:\/\/wortrakete.de\/blog\/?s={search_term_string}\"},\"query-input\":{\"@type\":\"PropertyValueSpecification\",\"valueRequired\":true,\"valueName\":\"search_term_string\"}}],\"inLanguage\":\"de\"},{\"@type\":\"Organization\",\"@id\":\"https:\/\/wortrakete.de\/blog\/#organization\",\"name\":\"Wortrakete GmbH\",\"url\":\"https:\/\/wortrakete.de\/blog\/\",\"logo\":{\"@type\":\"ImageObject\",\"inLanguage\":\"de\",\"@id\":\"https:\/\/wortrakete.de\/blog\/#\/schema\/logo\/image\/\",\"url\":\"https:\/\/wortrakete.de\/blog\/wp-content\/uploads\/2023\/10\/wortrakete-logo.png\",\"contentUrl\":\"https:\/\/wortrakete.de\/blog\/wp-content\/uploads\/2023\/10\/wortrakete-logo.png\",\"width\":380,\"height\":114,\"caption\":\"Wortrakete GmbH\"},\"image\":{\"@id\":\"https:\/\/wortrakete.de\/blog\/#\/schema\/logo\/image\/\"}}]}<\/script>\n<!-- \/ Yoast SEO plugin. -->","yoast_head_json":{"title":"Agentur, KI oder Textb\u00f6rse: Wo sollte ich Texte schreiben lassen?","description":"Wer Texte schreiben lassen m\u00f6chte, kann auf Agenturen, Freelancer, Marktpl\u00e4tze oder KI-Tools setzen. Doch was ist am sinnvollsten?","robots":{"index":"index","follow":"follow","max-snippet":"max-snippet:-1","max-image-preview":"max-image-preview:large","max-video-preview":"max-video-preview:-1"},"canonical":"https:\/\/wortrakete.de\/blog\/texte-schreiben-lassen\/","og_locale":"de_DE","og_type":"article","og_title":"Agentur, KI oder Textb\u00f6rse: Wo sollte ich Texte schreiben lassen?","og_description":"Wer Texte schreiben lassen m\u00f6chte, kann auf Agenturen, Freelancer, Marktpl\u00e4tze oder KI-Tools setzen. Doch was ist am sinnvollsten?","og_url":"https:\/\/wortrakete.de\/blog\/texte-schreiben-lassen\/","og_site_name":"Wortrakete","article_modified_time":"2024-02-17T10:15:31+00:00","twitter_card":"summary_large_image","twitter_misc":{"Gesch\u00e4tzte Lesezeit":"5\u00a0Minuten"},"schema":{"@context":"https:\/\/schema.org","@graph":[{"@type":"WebPage","@id":"https:\/\/wortrakete.de\/blog\/texte-schreiben-lassen\/","url":"https:\/\/wortrakete.de\/blog\/texte-schreiben-lassen\/","name":"Agentur, KI oder Textb\u00f6rse: Wo sollte ich Texte schreiben lassen?","isPartOf":{"@id":"https:\/\/wortrakete.de\/blog\/#website"},"datePublished":"2024-02-17T10:05:39+00:00","dateModified":"2024-02-17T10:15:31+00:00","description":"Wer Texte schreiben lassen m\u00f6chte, kann auf Agenturen, Freelancer, Marktpl\u00e4tze oder KI-Tools setzen. Doch was ist am sinnvollsten?","breadcrumb":{"@id":"https:\/\/wortrakete.de\/blog\/texte-schreiben-lassen\/#breadcrumb"},"inLanguage":"de","potentialAction":[{"@type":"ReadAction","target":["https:\/\/wortrakete.de\/blog\/texte-schreiben-lassen\/"]}]},{"@type":"BreadcrumbList","@id":"https:\/\/wortrakete.de\/blog\/texte-schreiben-lassen\/#breadcrumb","itemListElement":[{"@type":"ListItem","position":1,"name":"Startseite","item":"https:\/\/wortrakete.de\/blog\/"},{"@type":"ListItem","position":2,"name":"Agentur, Textb\u00f6rse oder Freelancer: Wo sollte ich meine Texte schreiben lassen?"}]},{"@type":"WebSite","@id":"https:\/\/wortrakete.de\/blog\/#website","url":"https:\/\/wortrakete.de\/blog\/","name":"Wortrakete","description":"","publisher":{"@id":"https:\/\/wortrakete.de\/blog\/#organization"},"potentialAction":[{"@type":"SearchAction","target":{"@type":"EntryPoint","urlTemplate":"https:\/\/wortrakete.de\/blog\/?s={search_term_string}"},"query-input":{"@type":"PropertyValueSpecification","valueRequired":true,"valueName":"search_term_string"}}],"inLanguage":"de"},{"@type":"Organization","@id":"https:\/\/wortrakete.de\/blog\/#organization","name":"Wortrakete GmbH","url":"https:\/\/wortrakete.de\/blog\/","logo":{"@type":"ImageObject","inLanguage":"de","@id":"https:\/\/wortrakete.de\/blog\/#\/schema\/logo\/image\/","url":"https:\/\/wortrakete.de\/blog\/wp-content\/uploads\/2023\/10\/wortrakete-logo.png","contentUrl":"https:\/\/wortrakete.de\/blog\/wp-content\/uploads\/2023\/10\/wortrakete-logo.png","width":380,"height":114,"caption":"Wortrakete GmbH"},"image":{"@id":"https:\/\/wortrakete.de\/blog\/#\/schema\/logo\/image\/"}}]}},"uagb_featured_image_src":{"full":false,"thumbnail":false,"medium":false,"medium_large":false,"large":false,"1536x1536":false,"2048x2048":false,"post-thumbnail":false,"occasio-horizontal-list-post":false},"uagb_author_info":{"display_name":"Redaktion","author_link":"https:\/\/wortrakete.de\/blog\/author\/redaktion\/"},"uagb_comment_info":0,"uagb_excerpt":"Wer ist der richtige Partner f\u00fcr die Texterstellung? Wir erkl\u00e4ren dir die verschiedenen Ans\u00e4tze und verraten dir auch, wieso die Wortrakete das Beste aus allen [...]","_links":{"self":[{"href":"https:\/\/wortrakete.de\/blog\/wp-json\/wp\/v2\/pages\/177","targetHints":{"allow":["GET"]}}],"collection":[{"href":"https:\/\/wortrakete.de\/blog\/wp-json\/wp\/v2\/pages"}],"about":[{"href":"https:\/\/wortrakete.de\/blog\/wp-json\/wp\/v2\/types\/page"}],"author":[{"embeddable":true,"href":"https:\/\/wortrakete.de\/blog\/wp-json\/wp\/v2\/users\/1"}],"replies":[{"embeddable":true,"href":"https:\/\/wortrakete.de\/blog\/wp-json\/wp\/v2\/comments?post=177"}],"version-history":[{"count":3,"href":"https:\/\/wortrakete.de\/blog\/wp-json\/wp\/v2\/pages\/177\/revisions"}],"predecessor-version":[{"id":181,"href":"https:\/\/wortrakete.de\/blog\/wp-json\/wp\/v2\/pages\/177\/revisions\/181"}],"wp:attachment":[{"href":"https:\/\/wortrakete.de\/blog\/wp-json\/wp\/v2\/media?parent=177"}],"curies":[{"name":"wp","href":"https:\/\/api.w.org\/{rel}","templated":true}]}}